{"id":9,"date":"2024-08-22T07:25:15","date_gmt":"2024-08-22T07:25:15","guid":{"rendered":"https:\/\/dentalso.com\/?page_id=9"},"modified":"2026-04-01T02:51:32","modified_gmt":"2026-04-01T02:51:32","slug":"quan-ly-nha-khoa","status":"publish","type":"page","link":"https:\/\/dentalso.com\/vi\/quan-ly-nha-khoa\/","title":{"rendered":"K\u1ebft n\u1ed1i Labo v\u00e0 Nha khoa"},"content":{"rendered":"","protected":false},"excerpt":{"rendered":"","protected":false},"author":1,"featured_media":0,"parent":0,"menu_order":0,"comment_status":"closed","ping_status":"closed","template":"products\/dentalso-ket-noi.blade.php","meta":{"footnotes":""},"class_list":["post-9","page","type-page","status-publish","hentry"],"yoast_head":"<!-- This site is optimized with the Yoast SEO plugin v27.5 - https:\/\/yoast.com\/product\/yoast-seo-wordpress\/ -->\n<title>K\u1ebft n\u1ed1i Labo v\u00e0 Nha khoa - H\u1ec7 sinh th\u00e1i ph\u1ea7n m\u1ec1m labo nha khoa to\u00e0n di\u1ec7n gi\u00fap t\u1ed1i \u01b0u v\u1eadn h\u00e0nh<\/title>\n<meta name=\"description\" content=\"K\u1ebft n\u1ed1i Labo v\u00e0 Nha khoa H\u1ec7 sinh th\u00e1i ph\u1ea7n m\u1ec1m labo nha khoa to\u00e0n di\u1ec7n gi\u00fap t\u1ed1i \u01b0u v\u1eadn h\u00e0nh Gi\u1ea3i ph\u00e1p chuy\u1ec3n \u0111\u1ed5i s\u1ed1 d\u00e0nh cho Labo Nha khoa: Thi\u1ebft k\u1ebf chuy\u00ean cho ng\u00e0nh Nha, \u0110\u1ea7y \u0111\u1ee7 c\u00e1c ch\u1ee9c n\u0103ng - \u0110\u01a1n gi\u1ea3n - D\u1ec5 s\u1eed d\u1ee5ng, H\u01a1n 300 Labo Nha khoa tin d\u00f9ng\" \/>\n<meta name=\"robots\" content=\"index, follow, max-snippet:-1, max-image-preview:large, max-video-preview:-1\" \/>\n<link rel=\"canonical\" href=\"https:\/\/dentalso.com\/vi\/quan-ly-nha-khoa\/\" \/>\n<meta property=\"og:locale\" content=\"vi_VN\" \/>\n<meta property=\"og:type\" content=\"article\" \/>\n<meta property=\"og:title\" content=\"K\u1ebft n\u1ed1i Labo v\u00e0 Nha khoa - H\u1ec7 sinh th\u00e1i ph\u1ea7n m\u1ec1m labo nha khoa to\u00e0n di\u1ec7n gi\u00fap t\u1ed1i \u01b0u v\u1eadn h\u00e0nh\" \/>\n<meta property=\"og:description\" content=\"K\u1ebft n\u1ed1i Labo v\u00e0 Nha khoa H\u1ec7 sinh th\u00e1i ph\u1ea7n m\u1ec1m labo nha khoa to\u00e0n di\u1ec7n gi\u00fap t\u1ed1i \u01b0u v\u1eadn h\u00e0nh Gi\u1ea3i ph\u00e1p chuy\u1ec3n \u0111\u1ed5i s\u1ed1 d\u00e0nh cho Labo Nha khoa: Thi\u1ebft k\u1ebf chuy\u00ean cho ng\u00e0nh Nha, \u0110\u1ea7y \u0111\u1ee7 c\u00e1c ch\u1ee9c n\u0103ng - \u0110\u01a1n gi\u1ea3n - D\u1ec5 s\u1eed d\u1ee5ng, H\u01a1n 300 Labo Nha khoa tin d\u00f9ng\" \/>\n<meta property=\"og:url\" content=\"https:\/\/dentalso.com\/vi\/quan-ly-nha-khoa\/\" \/>\n<meta property=\"og:site_name\" content=\"H\u1ec7 sinh th\u00e1i ph\u1ea7n m\u1ec1m labo nha khoa to\u00e0n di\u1ec7n gi\u00fap t\u1ed1i \u01b0u v\u1eadn h\u00e0nh\" \/>\n<meta property=\"article:publisher\" content=\"https:\/\/www.facebook.com\/DentalSo.Vietnam\" \/>\n<meta property=\"article:modified_time\" content=\"2026-04-01T02:51:32+00:00\" \/>\n<meta property=\"og:image\" content=\"https:\/\/dentalso.com\/vi\/wp-content\/uploads\/2024\/08\/cropped-logo-favicon.png\" \/>\n\t<meta property=\"og:image:width\" content=\"512\" \/>\n\t<meta property=\"og:image:height\" content=\"512\" \/>\n\t<meta property=\"og:image:type\" content=\"image\/png\" \/>\n<meta name=\"twitter:card\" content=\"summary_large_image\" \/>\n<script type=\"application\/ld+json\" class=\"yoast-schema-graph\">{\"@context\":\"https:\\\/\\\/schema.org\",\"@graph\":[{\"@type\":\"WebPage\",\"@id\":\"https:\\\/\\\/dentalso.com\\\/vi\\\/quan-ly-nha-khoa\\\/\",\"url\":\"https:\\\/\\\/dentalso.com\\\/vi\\\/quan-ly-nha-khoa\\\/\",\"name\":\"K\u1ebft n\u1ed1i Labo v\u00e0 Nha khoa - H\u1ec7 sinh th\u00e1i ph\u1ea7n m\u1ec1m labo nha khoa to\u00e0n di\u1ec7n gi\u00fap t\u1ed1i \u01b0u v\u1eadn h\u00e0nh\",\"isPartOf\":{\"@id\":\"https:\\\/\\\/dentalso.com\\\/vi\\\/#website\"},\"datePublished\":\"2024-08-22T07:25:15+00:00\",\"dateModified\":\"2026-04-01T02:51:32+00:00\",\"description\":\"K\u1ebft n\u1ed1i Labo v\u00e0 Nha khoa H\u1ec7 sinh th\u00e1i ph\u1ea7n m\u1ec1m labo nha khoa to\u00e0n di\u1ec7n gi\u00fap t\u1ed1i \u01b0u v\u1eadn h\u00e0nh Gi\u1ea3i ph\u00e1p chuy\u1ec3n \u0111\u1ed5i s\u1ed1 d\u00e0nh cho Labo Nha khoa: Thi\u1ebft k\u1ebf chuy\u00ean cho ng\u00e0nh Nha, \u0110\u1ea7y \u0111\u1ee7 c\u00e1c ch\u1ee9c n\u0103ng - \u0110\u01a1n gi\u1ea3n - D\u1ec5 s\u1eed d\u1ee5ng, H\u01a1n 300 Labo Nha khoa tin d\u00f9ng\",\"breadcrumb\":{\"@id\":\"https:\\\/\\\/dentalso.com\\\/vi\\\/quan-ly-nha-khoa\\\/#breadcrumb\"},\"inLanguage\":\"vi\",\"potentialAction\":[{\"@type\":\"ReadAction\",\"target\":[\"https:\\\/\\\/dentalso.com\\\/vi\\\/quan-ly-nha-khoa\\\/\"]}]},{\"@type\":\"BreadcrumbList\",\"@id\":\"https:\\\/\\\/dentalso.com\\\/vi\\\/quan-ly-nha-khoa\\\/#breadcrumb\",\"itemListElement\":[{\"@type\":\"ListItem\",\"position\":1,\"name\":\"Home\",\"item\":\"https:\\\/\\\/dentalso.com\\\/vi\\\/\"},{\"@type\":\"ListItem\",\"position\":2,\"name\":\"K\u1ebft n\u1ed1i Labo v\u00e0 Nha khoa\"}]},{\"@type\":\"WebSite\",\"@id\":\"https:\\\/\\\/dentalso.com\\\/vi\\\/#website\",\"url\":\"https:\\\/\\\/dentalso.com\\\/vi\\\/\",\"name\":\"Ph\u1ea7n m\u1ec1m qu\u1ea3n l\u00fd Dental Lab, Qu\u1ea3n l\u00fd Nha khoa Online\",\"description\":\"\",\"publisher\":{\"@id\":\"https:\\\/\\\/dentalso.com\\\/vi\\\/#organization\"},\"alternateName\":\"DentalSO\",\"potentialAction\":[{\"@type\":\"SearchAction\",\"target\":{\"@type\":\"EntryPoint\",\"urlTemplate\":\"https:\\\/\\\/dentalso.com\\\/vi\\\/?s={search_term_string}\"},\"query-input\":{\"@type\":\"PropertyValueSpecification\",\"valueRequired\":true,\"valueName\":\"search_term_string\"}}],\"inLanguage\":\"vi\"},{\"@type\":\"Organization\",\"@id\":\"https:\\\/\\\/dentalso.com\\\/vi\\\/#organization\",\"name\":\"DentalSO\",\"alternateName\":\"DentalSO\",\"url\":\"https:\\\/\\\/dentalso.com\\\/vi\\\/\",\"logo\":{\"@type\":\"ImageObject\",\"inLanguage\":\"vi\",\"@id\":\"https:\\\/\\\/dentalso.com\\\/vi\\\/#\\\/schema\\\/logo\\\/image\\\/\",\"url\":\"https:\\\/\\\/dentalso.com\\\/vi\\\/wp-content\\\/uploads\\\/2024\\\/08\\\/logo.png\",\"contentUrl\":\"https:\\\/\\\/dentalso.com\\\/vi\\\/wp-content\\\/uploads\\\/2024\\\/08\\\/logo.png\",\"width\":1060,\"height\":161,\"caption\":\"DentalSO\"},\"image\":{\"@id\":\"https:\\\/\\\/dentalso.com\\\/vi\\\/#\\\/schema\\\/logo\\\/image\\\/\"},\"sameAs\":[\"https:\\\/\\\/www.facebook.com\\\/DentalSo.Vietnam\"]}]}<\/script>\n<!-- \/ Yoast SEO plugin. -->","yoast_head_json":{"title":"K\u1ebft n\u1ed1i Labo v\u00e0 Nha khoa - H\u1ec7 sinh th\u00e1i ph\u1ea7n m\u1ec1m labo nha khoa to\u00e0n di\u1ec7n gi\u00fap t\u1ed1i \u01b0u v\u1eadn h\u00e0nh","description":"K\u1ebft n\u1ed1i Labo v\u00e0 Nha khoa H\u1ec7 sinh th\u00e1i ph\u1ea7n m\u1ec1m labo nha khoa to\u00e0n di\u1ec7n gi\u00fap t\u1ed1i \u01b0u v\u1eadn h\u00e0nh Gi\u1ea3i ph\u00e1p chuy\u1ec3n \u0111\u1ed5i s\u1ed1 d\u00e0nh cho Labo Nha khoa: Thi\u1ebft k\u1ebf chuy\u00ean cho ng\u00e0nh Nha, \u0110\u1ea7y \u0111\u1ee7 c\u00e1c ch\u1ee9c n\u0103ng - \u0110\u01a1n gi\u1ea3n - D\u1ec5 s\u1eed d\u1ee5ng, H\u01a1n 300 Labo Nha khoa tin d\u00f9ng","robots":{"index":"index","follow":"follow","max-snippet":"max-snippet:-1","max-image-preview":"max-image-preview:large","max-video-preview":"max-video-preview:-1"},"canonical":"https:\/\/dentalso.com\/vi\/quan-ly-nha-khoa\/","og_locale":"vi_VN","og_type":"article","og_title":"K\u1ebft n\u1ed1i Labo v\u00e0 Nha khoa - H\u1ec7 sinh th\u00e1i ph\u1ea7n m\u1ec1m labo nha khoa to\u00e0n di\u1ec7n gi\u00fap t\u1ed1i \u01b0u v\u1eadn h\u00e0nh","og_description":"K\u1ebft n\u1ed1i Labo v\u00e0 Nha khoa H\u1ec7 sinh th\u00e1i ph\u1ea7n m\u1ec1m labo nha khoa to\u00e0n di\u1ec7n gi\u00fap t\u1ed1i \u01b0u v\u1eadn h\u00e0nh Gi\u1ea3i ph\u00e1p chuy\u1ec3n \u0111\u1ed5i s\u1ed1 d\u00e0nh cho Labo Nha khoa: Thi\u1ebft k\u1ebf chuy\u00ean cho ng\u00e0nh Nha, \u0110\u1ea7y \u0111\u1ee7 c\u00e1c ch\u1ee9c n\u0103ng - \u0110\u01a1n gi\u1ea3n - D\u1ec5 s\u1eed d\u1ee5ng, H\u01a1n 300 Labo Nha khoa tin d\u00f9ng","og_url":"https:\/\/dentalso.com\/vi\/quan-ly-nha-khoa\/","og_site_name":"H\u1ec7 sinh th\u00e1i ph\u1ea7n m\u1ec1m labo nha khoa to\u00e0n di\u1ec7n gi\u00fap t\u1ed1i \u01b0u v\u1eadn h\u00e0nh","article_publisher":"https:\/\/www.facebook.com\/DentalSo.Vietnam","article_modified_time":"2026-04-01T02:51:32+00:00","og_image":[{"width":512,"height":512,"url":"https:\/\/dentalso.com\/vi\/wp-content\/uploads\/2024\/08\/cropped-logo-favicon.png","type":"image\/png"}],"twitter_card":"summary_large_image","schema":{"@context":"https:\/\/schema.org","@graph":[{"@type":"WebPage","@id":"https:\/\/dentalso.com\/vi\/quan-ly-nha-khoa\/","url":"https:\/\/dentalso.com\/vi\/quan-ly-nha-khoa\/","name":"K\u1ebft n\u1ed1i Labo v\u00e0 Nha khoa - H\u1ec7 sinh th\u00e1i ph\u1ea7n m\u1ec1m labo nha khoa to\u00e0n di\u1ec7n gi\u00fap t\u1ed1i \u01b0u v\u1eadn h\u00e0nh","isPartOf":{"@id":"https:\/\/dentalso.com\/vi\/#website"},"datePublished":"2024-08-22T07:25:15+00:00","dateModified":"2026-04-01T02:51:32+00:00","description":"K\u1ebft n\u1ed1i Labo v\u00e0 Nha khoa H\u1ec7 sinh th\u00e1i ph\u1ea7n m\u1ec1m labo nha khoa to\u00e0n di\u1ec7n gi\u00fap t\u1ed1i \u01b0u v\u1eadn h\u00e0nh Gi\u1ea3i ph\u00e1p chuy\u1ec3n \u0111\u1ed5i s\u1ed1 d\u00e0nh cho Labo Nha khoa: Thi\u1ebft k\u1ebf chuy\u00ean cho ng\u00e0nh Nha, \u0110\u1ea7y \u0111\u1ee7 c\u00e1c ch\u1ee9c n\u0103ng - \u0110\u01a1n gi\u1ea3n - D\u1ec5 s\u1eed d\u1ee5ng, H\u01a1n 300 Labo Nha khoa tin d\u00f9ng","breadcrumb":{"@id":"https:\/\/dentalso.com\/vi\/quan-ly-nha-khoa\/#breadcrumb"},"inLanguage":"vi","potentialAction":[{"@type":"ReadAction","target":["https:\/\/dentalso.com\/vi\/quan-ly-nha-khoa\/"]}]},{"@type":"BreadcrumbList","@id":"https:\/\/dentalso.com\/vi\/quan-ly-nha-khoa\/#breadcrumb","itemListElement":[{"@type":"ListItem","position":1,"name":"Home","item":"https:\/\/dentalso.com\/vi\/"},{"@type":"ListItem","position":2,"name":"K\u1ebft n\u1ed1i Labo v\u00e0 Nha khoa"}]},{"@type":"WebSite","@id":"https:\/\/dentalso.com\/vi\/#website","url":"https:\/\/dentalso.com\/vi\/","name":"Ph\u1ea7n m\u1ec1m qu\u1ea3n l\u00fd Dental Lab, Qu\u1ea3n l\u00fd Nha khoa Online","description":"","publisher":{"@id":"https:\/\/dentalso.com\/vi\/#organization"},"alternateName":"DentalSO","potentialAction":[{"@type":"SearchAction","target":{"@type":"EntryPoint","urlTemplate":"https:\/\/dentalso.com\/vi\/?s={search_term_string}"},"query-input":{"@type":"PropertyValueSpecification","valueRequired":true,"valueName":"search_term_string"}}],"inLanguage":"vi"},{"@type":"Organization","@id":"https:\/\/dentalso.com\/vi\/#organization","name":"DentalSO","alternateName":"DentalSO","url":"https:\/\/dentalso.com\/vi\/","logo":{"@type":"ImageObject","inLanguage":"vi","@id":"https:\/\/dentalso.com\/vi\/#\/schema\/logo\/image\/","url":"https:\/\/dentalso.com\/vi\/wp-content\/uploads\/2024\/08\/logo.png","contentUrl":"https:\/\/dentalso.com\/vi\/wp-content\/uploads\/2024\/08\/logo.png","width":1060,"height":161,"caption":"DentalSO"},"image":{"@id":"https:\/\/dentalso.com\/vi\/#\/schema\/logo\/image\/"},"sameAs":["https:\/\/www.facebook.com\/DentalSo.Vietnam"]}]}},"_links":{"self":[{"href":"https:\/\/dentalso.com\/vi\/wp-json\/wp\/v2\/pages\/9","targetHints":{"allow":["GET"]}}],"collection":[{"href":"https:\/\/dentalso.com\/vi\/wp-json\/wp\/v2\/pages"}],"about":[{"href":"https:\/\/dentalso.com\/vi\/wp-json\/wp\/v2\/types\/page"}],"author":[{"embeddable":true,"href":"https:\/\/dentalso.com\/vi\/wp-json\/wp\/v2\/users\/1"}],"replies":[{"embeddable":true,"href":"https:\/\/dentalso.com\/vi\/wp-json\/wp\/v2\/comments?post=9"}],"version-history":[{"count":2,"href":"https:\/\/dentalso.com\/vi\/wp-json\/wp\/v2\/pages\/9\/revisions"}],"predecessor-version":[{"id":1199,"href":"https:\/\/dentalso.com\/vi\/wp-json\/wp\/v2\/pages\/9\/revisions\/1199"}],"wp:attachment":[{"href":"https:\/\/dentalso.com\/vi\/wp-json\/wp\/v2\/media?parent=9"}],"curies":[{"name":"wp","href":"https:\/\/api.w.org\/{rel}","templated":true}]}}