{"id":1061,"date":"2026-03-10T04:36:50","date_gmt":"2026-03-10T04:36:50","guid":{"rendered":"http:\/\/ghuy.me\/vi\/giai-phap-phong-kham\/"},"modified":"2026-03-21T04:22:50","modified_gmt":"2026-03-21T04:22:50","slug":"labo-gia-cong-va-xuat-khau","status":"publish","type":"page","link":"https:\/\/dentalso.com\/vi\/giai-phap\/labo-gia-cong-va-xuat-khau\/","title":{"rendered":"Labo gia c\u00f4ng v\u00e0 xu\u1ea5t kh\u1ea9u"},"content":{"rendered":"","protected":false},"excerpt":{"rendered":"","protected":false},"author":3,"featured_media":0,"parent":1085,"menu_order":0,"comment_status":"closed","ping_status":"closed","template":"solutions\/labo-gia-cong.blade.php","meta":{"footnotes":""},"class_list":["post-1061","page","type-page","status-publish","hentry"],"yoast_head":"<!-- This site is optimized with the Yoast SEO plugin v27.6 - https:\/\/yoast.com\/product\/yoast-seo-wordpress\/ -->\n<title>Ph\u1ea7n m\u1ec1m cho Labo Gia c\u00f4ng &amp; H\u1ed9i nh\u1eadp Qu\u1ed1c t\u1ebf<\/title>\n<meta name=\"description\" content=\"Labo gia c\u00f4ng v\u00e0 xu\u1ea5t kh\u1ea9u H\u1ec7 sinh th\u00e1i ph\u1ea7n m\u1ec1m labo nha khoa to\u00e0n di\u1ec7n gi\u00fap t\u1ed1i \u01b0u v\u1eadn h\u00e0nh Gi\u1ea3i ph\u00e1p chuy\u1ec3n \u0111\u1ed5i s\u1ed1 d\u00e0nh cho Labo Nha khoa: Thi\u1ebft k\u1ebf chuy\u00ean cho ng\u00e0nh Nha, \u0110\u1ea7y \u0111\u1ee7 c\u00e1c ch\u1ee9c n\u0103ng - \u0110\u01a1n gi\u1ea3n - D\u1ec5 s\u1eed d\u1ee5ng, H\u01a1n 300 Labo Nha khoa tin d\u00f9ng\" \/>\n<meta name=\"robots\" content=\"index, follow, max-snippet:-1, max-image-preview:large, max-video-preview:-1\" \/>\n<link rel=\"canonical\" href=\"https:\/\/dentalso.com\/vi\/giai-phap\/labo-gia-cong-va-xuat-khau\/\" \/>\n<meta property=\"og:locale\" content=\"vi_VN\" \/>\n<meta property=\"og:type\" content=\"article\" \/>\n<meta property=\"og:title\" content=\"Ph\u1ea7n m\u1ec1m cho Labo Gia c\u00f4ng &amp; H\u1ed9i nh\u1eadp Qu\u1ed1c t\u1ebf\" \/>\n<meta property=\"og:description\" content=\"Labo gia c\u00f4ng v\u00e0 xu\u1ea5t kh\u1ea9u H\u1ec7 sinh th\u00e1i ph\u1ea7n m\u1ec1m labo nha khoa to\u00e0n di\u1ec7n gi\u00fap t\u1ed1i \u01b0u v\u1eadn h\u00e0nh Gi\u1ea3i ph\u00e1p chuy\u1ec3n \u0111\u1ed5i s\u1ed1 d\u00e0nh cho Labo Nha khoa: Thi\u1ebft k\u1ebf chuy\u00ean cho ng\u00e0nh Nha, \u0110\u1ea7y \u0111\u1ee7 c\u00e1c ch\u1ee9c n\u0103ng - \u0110\u01a1n gi\u1ea3n - D\u1ec5 s\u1eed d\u1ee5ng, H\u01a1n 300 Labo Nha khoa tin d\u00f9ng\" \/>\n<meta property=\"og:url\" content=\"https:\/\/dentalso.com\/vi\/giai-phap\/labo-gia-cong-va-xuat-khau\/\" \/>\n<meta property=\"og:site_name\" content=\"H\u1ec7 sinh th\u00e1i ph\u1ea7n m\u1ec1m labo nha khoa to\u00e0n di\u1ec7n gi\u00fap t\u1ed1i \u01b0u v\u1eadn h\u00e0nh\" \/>\n<meta property=\"article:publisher\" content=\"https:\/\/www.facebook.com\/DentalSo.Vietnam\" \/>\n<meta property=\"article:modified_time\" content=\"2026-03-21T04:22:50+00:00\" \/>\n<meta property=\"og:image\" content=\"https:\/\/dentalso.com\/vi\/wp-content\/uploads\/2024\/08\/cropped-logo-favicon.png\" \/>\n\t<meta property=\"og:image:width\" content=\"512\" \/>\n\t<meta property=\"og:image:height\" content=\"512\" \/>\n\t<meta property=\"og:image:type\" content=\"image\/png\" \/>\n<meta name=\"twitter:card\" content=\"summary_large_image\" \/>\n<script type=\"application\/ld+json\" class=\"yoast-schema-graph\">{\"@context\":\"https:\\\/\\\/schema.org\",\"@graph\":[{\"@type\":\"WebPage\",\"@id\":\"https:\\\/\\\/dentalso.com\\\/vi\\\/giai-phap\\\/labo-gia-cong-va-xuat-khau\\\/\",\"url\":\"https:\\\/\\\/dentalso.com\\\/vi\\\/giai-phap\\\/labo-gia-cong-va-xuat-khau\\\/\",\"name\":\"Ph\u1ea7n m\u1ec1m cho Labo Gia c\u00f4ng & H\u1ed9i nh\u1eadp Qu\u1ed1c t\u1ebf\",\"isPartOf\":{\"@id\":\"https:\\\/\\\/dentalso.com\\\/vi\\\/#website\"},\"datePublished\":\"2026-03-10T04:36:50+00:00\",\"dateModified\":\"2026-03-21T04:22:50+00:00\",\"description\":\"Labo gia c\u00f4ng v\u00e0 xu\u1ea5t kh\u1ea9u H\u1ec7 sinh th\u00e1i ph\u1ea7n m\u1ec1m labo nha khoa to\u00e0n di\u1ec7n gi\u00fap t\u1ed1i \u01b0u v\u1eadn h\u00e0nh Gi\u1ea3i ph\u00e1p chuy\u1ec3n \u0111\u1ed5i s\u1ed1 d\u00e0nh cho Labo Nha khoa: Thi\u1ebft k\u1ebf chuy\u00ean cho ng\u00e0nh Nha, \u0110\u1ea7y \u0111\u1ee7 c\u00e1c ch\u1ee9c n\u0103ng - \u0110\u01a1n gi\u1ea3n - D\u1ec5 s\u1eed d\u1ee5ng, H\u01a1n 300 Labo Nha khoa tin d\u00f9ng\",\"breadcrumb\":{\"@id\":\"https:\\\/\\\/dentalso.com\\\/vi\\\/giai-phap\\\/labo-gia-cong-va-xuat-khau\\\/#breadcrumb\"},\"inLanguage\":\"vi\",\"potentialAction\":[{\"@type\":\"ReadAction\",\"target\":[\"https:\\\/\\\/dentalso.com\\\/vi\\\/giai-phap\\\/labo-gia-cong-va-xuat-khau\\\/\"]}]},{\"@type\":\"BreadcrumbList\",\"@id\":\"https:\\\/\\\/dentalso.com\\\/vi\\\/giai-phap\\\/labo-gia-cong-va-xuat-khau\\\/#breadcrumb\",\"itemListElement\":[{\"@type\":\"ListItem\",\"position\":1,\"name\":\"Home\",\"item\":\"https:\\\/\\\/dentalso.com\\\/vi\\\/\"},{\"@type\":\"ListItem\",\"position\":2,\"name\":\"Gi\u1ea3i ph\u00e1p\",\"item\":\"https:\\\/\\\/dentalso.com\\\/vi\\\/giai-phap\\\/\"},{\"@type\":\"ListItem\",\"position\":3,\"name\":\"Labo gia c\u00f4ng v\u00e0 xu\u1ea5t kh\u1ea9u\"}]},{\"@type\":\"WebSite\",\"@id\":\"https:\\\/\\\/dentalso.com\\\/vi\\\/#website\",\"url\":\"https:\\\/\\\/dentalso.com\\\/vi\\\/\",\"name\":\"Ph\u1ea7n m\u1ec1m qu\u1ea3n l\u00fd Dental Lab, Qu\u1ea3n l\u00fd Nha khoa Online\",\"description\":\"\",\"publisher\":{\"@id\":\"https:\\\/\\\/dentalso.com\\\/vi\\\/#organization\"},\"alternateName\":\"DentalSO\",\"potentialAction\":[{\"@type\":\"SearchAction\",\"target\":{\"@type\":\"EntryPoint\",\"urlTemplate\":\"https:\\\/\\\/dentalso.com\\\/vi\\\/?s={search_term_string}\"},\"query-input\":{\"@type\":\"PropertyValueSpecification\",\"valueRequired\":true,\"valueName\":\"search_term_string\"}}],\"inLanguage\":\"vi\"},{\"@type\":\"Organization\",\"@id\":\"https:\\\/\\\/dentalso.com\\\/vi\\\/#organization\",\"name\":\"DentalSO\",\"alternateName\":\"DentalSO\",\"url\":\"https:\\\/\\\/dentalso.com\\\/vi\\\/\",\"logo\":{\"@type\":\"ImageObject\",\"inLanguage\":\"vi\",\"@id\":\"https:\\\/\\\/dentalso.com\\\/vi\\\/#\\\/schema\\\/logo\\\/image\\\/\",\"url\":\"https:\\\/\\\/dentalso.com\\\/vi\\\/wp-content\\\/uploads\\\/2024\\\/08\\\/logo.png\",\"contentUrl\":\"https:\\\/\\\/dentalso.com\\\/vi\\\/wp-content\\\/uploads\\\/2024\\\/08\\\/logo.png\",\"width\":1060,\"height\":161,\"caption\":\"DentalSO\"},\"image\":{\"@id\":\"https:\\\/\\\/dentalso.com\\\/vi\\\/#\\\/schema\\\/logo\\\/image\\\/\"},\"sameAs\":[\"https:\\\/\\\/www.facebook.com\\\/DentalSo.Vietnam\"]}]}<\/script>\n<!-- \/ Yoast SEO plugin. -->","yoast_head_json":{"title":"Ph\u1ea7n m\u1ec1m cho Labo Gia c\u00f4ng & H\u1ed9i nh\u1eadp Qu\u1ed1c t\u1ebf","description":"Labo gia c\u00f4ng v\u00e0 xu\u1ea5t kh\u1ea9u H\u1ec7 sinh th\u00e1i ph\u1ea7n m\u1ec1m labo nha khoa to\u00e0n di\u1ec7n gi\u00fap t\u1ed1i \u01b0u v\u1eadn h\u00e0nh Gi\u1ea3i ph\u00e1p chuy\u1ec3n \u0111\u1ed5i s\u1ed1 d\u00e0nh cho Labo Nha khoa: Thi\u1ebft k\u1ebf chuy\u00ean cho ng\u00e0nh Nha, \u0110\u1ea7y \u0111\u1ee7 c\u00e1c ch\u1ee9c n\u0103ng - \u0110\u01a1n gi\u1ea3n - D\u1ec5 s\u1eed d\u1ee5ng, H\u01a1n 300 Labo Nha khoa tin d\u00f9ng","robots":{"index":"index","follow":"follow","max-snippet":"max-snippet:-1","max-image-preview":"max-image-preview:large","max-video-preview":"max-video-preview:-1"},"canonical":"https:\/\/dentalso.com\/vi\/giai-phap\/labo-gia-cong-va-xuat-khau\/","og_locale":"vi_VN","og_type":"article","og_title":"Ph\u1ea7n m\u1ec1m cho Labo Gia c\u00f4ng & H\u1ed9i nh\u1eadp Qu\u1ed1c t\u1ebf","og_description":"Labo gia c\u00f4ng v\u00e0 xu\u1ea5t kh\u1ea9u H\u1ec7 sinh th\u00e1i ph\u1ea7n m\u1ec1m labo nha khoa to\u00e0n di\u1ec7n gi\u00fap t\u1ed1i \u01b0u v\u1eadn h\u00e0nh Gi\u1ea3i ph\u00e1p chuy\u1ec3n \u0111\u1ed5i s\u1ed1 d\u00e0nh cho Labo Nha khoa: Thi\u1ebft k\u1ebf chuy\u00ean cho ng\u00e0nh Nha, \u0110\u1ea7y \u0111\u1ee7 c\u00e1c ch\u1ee9c n\u0103ng - \u0110\u01a1n gi\u1ea3n - D\u1ec5 s\u1eed d\u1ee5ng, H\u01a1n 300 Labo Nha khoa tin d\u00f9ng","og_url":"https:\/\/dentalso.com\/vi\/giai-phap\/labo-gia-cong-va-xuat-khau\/","og_site_name":"H\u1ec7 sinh th\u00e1i ph\u1ea7n m\u1ec1m labo nha khoa to\u00e0n di\u1ec7n gi\u00fap t\u1ed1i \u01b0u v\u1eadn h\u00e0nh","article_publisher":"https:\/\/www.facebook.com\/DentalSo.Vietnam","article_modified_time":"2026-03-21T04:22:50+00:00","og_image":[{"width":512,"height":512,"url":"https:\/\/dentalso.com\/vi\/wp-content\/uploads\/2024\/08\/cropped-logo-favicon.png","type":"image\/png"}],"twitter_card":"summary_large_image","schema":{"@context":"https:\/\/schema.org","@graph":[{"@type":"WebPage","@id":"https:\/\/dentalso.com\/vi\/giai-phap\/labo-gia-cong-va-xuat-khau\/","url":"https:\/\/dentalso.com\/vi\/giai-phap\/labo-gia-cong-va-xuat-khau\/","name":"Ph\u1ea7n m\u1ec1m cho Labo Gia c\u00f4ng & H\u1ed9i nh\u1eadp Qu\u1ed1c t\u1ebf","isPartOf":{"@id":"https:\/\/dentalso.com\/vi\/#website"},"datePublished":"2026-03-10T04:36:50+00:00","dateModified":"2026-03-21T04:22:50+00:00","description":"Labo gia c\u00f4ng v\u00e0 xu\u1ea5t kh\u1ea9u H\u1ec7 sinh th\u00e1i ph\u1ea7n m\u1ec1m labo nha khoa to\u00e0n di\u1ec7n gi\u00fap t\u1ed1i \u01b0u v\u1eadn h\u00e0nh Gi\u1ea3i ph\u00e1p chuy\u1ec3n \u0111\u1ed5i s\u1ed1 d\u00e0nh cho Labo Nha khoa: Thi\u1ebft k\u1ebf chuy\u00ean cho ng\u00e0nh Nha, \u0110\u1ea7y \u0111\u1ee7 c\u00e1c ch\u1ee9c n\u0103ng - \u0110\u01a1n gi\u1ea3n - D\u1ec5 s\u1eed d\u1ee5ng, H\u01a1n 300 Labo Nha khoa tin d\u00f9ng","breadcrumb":{"@id":"https:\/\/dentalso.com\/vi\/giai-phap\/labo-gia-cong-va-xuat-khau\/#breadcrumb"},"inLanguage":"vi","potentialAction":[{"@type":"ReadAction","target":["https:\/\/dentalso.com\/vi\/giai-phap\/labo-gia-cong-va-xuat-khau\/"]}]},{"@type":"BreadcrumbList","@id":"https:\/\/dentalso.com\/vi\/giai-phap\/labo-gia-cong-va-xuat-khau\/#breadcrumb","itemListElement":[{"@type":"ListItem","position":1,"name":"Home","item":"https:\/\/dentalso.com\/vi\/"},{"@type":"ListItem","position":2,"name":"Gi\u1ea3i ph\u00e1p","item":"https:\/\/dentalso.com\/vi\/giai-phap\/"},{"@type":"ListItem","position":3,"name":"Labo gia c\u00f4ng v\u00e0 xu\u1ea5t kh\u1ea9u"}]},{"@type":"WebSite","@id":"https:\/\/dentalso.com\/vi\/#website","url":"https:\/\/dentalso.com\/vi\/","name":"Ph\u1ea7n m\u1ec1m qu\u1ea3n l\u00fd Dental Lab, Qu\u1ea3n l\u00fd Nha khoa Online","description":"","publisher":{"@id":"https:\/\/dentalso.com\/vi\/#organization"},"alternateName":"DentalSO","potentialAction":[{"@type":"SearchAction","target":{"@type":"EntryPoint","urlTemplate":"https:\/\/dentalso.com\/vi\/?s={search_term_string}"},"query-input":{"@type":"PropertyValueSpecification","valueRequired":true,"valueName":"search_term_string"}}],"inLanguage":"vi"},{"@type":"Organization","@id":"https:\/\/dentalso.com\/vi\/#organization","name":"DentalSO","alternateName":"DentalSO","url":"https:\/\/dentalso.com\/vi\/","logo":{"@type":"ImageObject","inLanguage":"vi","@id":"https:\/\/dentalso.com\/vi\/#\/schema\/logo\/image\/","url":"https:\/\/dentalso.com\/vi\/wp-content\/uploads\/2024\/08\/logo.png","contentUrl":"https:\/\/dentalso.com\/vi\/wp-content\/uploads\/2024\/08\/logo.png","width":1060,"height":161,"caption":"DentalSO"},"image":{"@id":"https:\/\/dentalso.com\/vi\/#\/schema\/logo\/image\/"},"sameAs":["https:\/\/www.facebook.com\/DentalSo.Vietnam"]}]}},"_links":{"self":[{"href":"https:\/\/dentalso.com\/vi\/wp-json\/wp\/v2\/pages\/1061","targetHints":{"allow":["GET"]}}],"collection":[{"href":"https:\/\/dentalso.com\/vi\/wp-json\/wp\/v2\/pages"}],"about":[{"href":"https:\/\/dentalso.com\/vi\/wp-json\/wp\/v2\/types\/page"}],"author":[{"embeddable":true,"href":"https:\/\/dentalso.com\/vi\/wp-json\/wp\/v2\/users\/3"}],"replies":[{"embeddable":true,"href":"https:\/\/dentalso.com\/vi\/wp-json\/wp\/v2\/comments?post=1061"}],"version-history":[{"count":3,"href":"https:\/\/dentalso.com\/vi\/wp-json\/wp\/v2\/pages\/1061\/revisions"}],"predecessor-version":[{"id":1102,"href":"https:\/\/dentalso.com\/vi\/wp-json\/wp\/v2\/pages\/1061\/revisions\/1102"}],"up":[{"embeddable":true,"href":"https:\/\/dentalso.com\/vi\/wp-json\/wp\/v2\/pages\/1085"}],"wp:attachment":[{"href":"https:\/\/dentalso.com\/vi\/wp-json\/wp\/v2\/media?parent=1061"}],"curies":[{"name":"wp","href":"https:\/\/api.w.org\/{rel}","templated":true}]}}